{"id":831,"date":"2017-08-27T15:14:27","date_gmt":"2017-08-27T13:14:27","guid":{"rendered":"http:\/\/test.intelli.ch\/?page_id=831"},"modified":"2023-08-10T15:43:35","modified_gmt":"2023-08-10T15:43:35","slug":"meine-angebote","status":"publish","type":"page","link":"https:\/\/dream-skin.ch\/?page_id=831","title":{"rendered":"Meine Angebote"},"content":{"rendered":"<div id=\"pl-831\"  class=\"panel-layout\" ><div id=\"pg-831-0\"  class=\"panel-grid panel-has-style\" ><div class=\"siteorigin-panels-stretch panel-row-style panel-row-style-for-831-0\" data-stretch-type=\"full-stretched\" ><div id=\"pgc-831-0-0\"  class=\"panel-grid-cell panel-grid-cell-empty\" ><\/div><div id=\"pgc-831-0-1\"  class=\"panel-grid-cell\" ><div id=\"panel-831-0-1-0\" class=\"so-panel widget widget_sow-editor panel-first-child panel-last-child\" data-index=\"0\" ><div class=\"panel-widget-style panel-widget-style-for-831-0-1-0\" ><div\n\t\t\t\n\t\t\tclass=\"so-widget-sow-editor so-widget-sow-editor-base\"\n\t\t\t\n\t\t><h3 class=\"widget-title\">Meine Angebote<\/h3>\n<div class=\"siteorigin-widget-tinymce textwidget\">\n\t<\/div>\n<\/div><\/div><\/div><\/div><div id=\"pgc-831-0-2\"  class=\"panel-grid-cell panel-grid-cell-empty panel-grid-cell-mobile-last\" ><\/div><div id=\"pgc-831-0-3\"  class=\"panel-grid-cell panel-grid-cell-empty\" ><\/div><\/div><\/div><div id=\"pg-831-1\"  class=\"panel-grid panel-has-style\" ><div class=\"siteorigin-panels-stretch panel-row-style panel-row-style-for-831-1\" data-stretch-type=\"full-stretched\" ><div id=\"pgc-831-1-0\"  class=\"panel-grid-cell panel-grid-cell-empty\" ><\/div><div id=\"pgc-831-1-1\"  class=\"panel-grid-cell panel-grid-cell-mobile-last\" ><div id=\"panel-831-1-1-0\" class=\"so-panel widget widget_sow-editor panel-first-child panel-last-child\" data-index=\"1\" ><div class=\"panel-widget-style panel-widget-style-for-831-1-1-0\" ><div\n\t\t\t\n\t\t\tclass=\"so-widget-sow-editor so-widget-sow-editor-base\"\n\t\t\t\n\t\t>\n<div class=\"siteorigin-widget-tinymce textwidget\">\n\t<p>Meine Angebote richten sich nach Ihre Bed\u00fcrfnissen. Lassen Sie uns gemeinsam das passende Angebot f\u00fcr Sie finden, das genau Ihren W\u00fcnschen entspricht:<\/p>\n<\/div>\n<\/div><\/div><\/div><\/div><div id=\"pgc-831-1-2\"  class=\"panel-grid-cell panel-grid-cell-empty\" ><\/div><\/div><\/div><div id=\"pg-831-2\"  class=\"panel-grid panel-has-style\" ><div class=\"siteorigin-panels-stretch panel-row-style panel-row-style-for-831-2\" data-stretch-type=\"full-stretched\" ><div id=\"pgc-831-2-0\"  class=\"panel-grid-cell panel-grid-cell-empty\" ><\/div><div id=\"pgc-831-2-1\"  class=\"panel-grid-cell\" ><div id=\"panel-831-2-1-0\" class=\"so-panel widget widget_sow-image panel-first-child panel-last-child\" data-index=\"2\" ><div class=\"panel-widget-style panel-widget-style-for-831-2-1-0\" ><div\n\t\t\t\n\t\t\tclass=\"so-widget-sow-image so-widget-sow-image-default-8b5b6f678277-831\"\n\t\t\t\n\t\t>\n<h3 class=\"widget-title\">Gesicht<\/h3>\n<div class=\"sow-image-container\">\n\t\t\t<a href=\"https:\/\/dream-skin.ch\/?page_id=255\"\n\t\t\t\t\t>\n\t\t\t<img loading=\"lazy\" decoding=\"async\" src=\"https:\/\/dream-skin.ch\/wp-content\/uploads\/2017\/07\/gesichtspflege-bild.png\" width=\"266\" height=\"189\" sizes=\"auto, (max-width: 266px) 100vw, 266px\" title=\"Gesicht\" alt=\"Gesicht\" \t\tclass=\"so-widget-image\"\/>\n\t<\/a><\/div>\n\n<\/div><\/div><\/div><\/div><div id=\"pgc-831-2-2\"  class=\"panel-grid-cell panel-grid-cell-mobile-last\" ><div id=\"panel-831-2-2-0\" class=\"so-panel widget widget_sow-image panel-first-child panel-last-child\" data-index=\"3\" ><div class=\"panel-widget-style panel-widget-style-for-831-2-2-0\" ><div\n\t\t\t\n\t\t\tclass=\"so-widget-sow-image so-widget-sow-image-default-4e6925654b7a-831\"\n\t\t\t\n\t\t>\n<h3 class=\"widget-title\">Augen<\/h3>\n<div class=\"sow-image-container\">\n\t\t\t<a href=\"https:\/\/dream-skin.ch\/?page_id=390\"\n\t\t\t\t\t>\n\t\t\t<img loading=\"lazy\" decoding=\"async\" src=\"https:\/\/dream-skin.ch\/wp-content\/uploads\/2017\/07\/Augen.png\" width=\"266\" height=\"180\" sizes=\"auto, (max-width: 266px) 100vw, 266px\" title=\"Augen\" alt=\"Augen\" \t\tclass=\"so-widget-image\"\/>\n\t<\/a><\/div>\n\n<\/div><\/div><\/div><\/div><div id=\"pgc-831-2-3\"  class=\"panel-grid-cell panel-grid-cell-empty\" ><\/div><\/div><\/div><div id=\"pg-831-3\"  class=\"panel-grid panel-has-style\" ><div class=\"siteorigin-panels-stretch panel-row-style panel-row-style-for-831-3\" data-stretch-type=\"full-stretched\" ><div id=\"pgc-831-3-0\"  class=\"panel-grid-cell panel-grid-cell-empty\" ><\/div><div id=\"pgc-831-3-1\"  class=\"panel-grid-cell\" ><div id=\"panel-831-3-1-0\" class=\"so-panel widget widget_sow-image panel-first-child panel-last-child\" data-index=\"4\" ><div class=\"panel-widget-style panel-widget-style-for-831-3-1-0\" ><div\n\t\t\t\n\t\t\tclass=\"so-widget-sow-image so-widget-sow-image-default-8b5b6f678277-831\"\n\t\t\t\n\t\t>\n<h3 class=\"widget-title\">Make Up<\/h3>\n<div class=\"sow-image-container\">\n\t\t\t<a href=\"https:\/\/dream-skin.ch\/?page_id=183\"\n\t\t\t\t\t>\n\t\t\t<img loading=\"lazy\" decoding=\"async\" src=\"https:\/\/dream-skin.ch\/wp-content\/uploads\/2017\/07\/perfect-makeup-6.png\" width=\"266\" height=\"189\" sizes=\"auto, (max-width: 266px) 100vw, 266px\" title=\"Make Up\" alt=\"Make Up\" \t\tclass=\"so-widget-image\"\/>\n\t<\/a><\/div>\n\n<\/div><\/div><\/div><\/div><div id=\"pgc-831-3-2\"  class=\"panel-grid-cell panel-grid-cell-mobile-last\" ><div id=\"panel-831-3-2-0\" class=\"so-panel widget widget_sow-image panel-first-child panel-last-child\" data-index=\"5\" ><div class=\"panel-widget-style panel-widget-style-for-831-3-2-0\" ><div\n\t\t\t\n\t\t\tclass=\"so-widget-sow-image so-widget-sow-image-default-4e6925654b7a-831\"\n\t\t\t\n\t\t>\n<h3 class=\"widget-title\">H\u00e4nde \/ F\u00fcsse<\/h3>\n<div class=\"sow-image-container\">\n\t\t\t<a href=\"https:\/\/dream-skin.ch\/?page_id=739\"\n\t\t\t\t\t>\n\t\t\t<img loading=\"lazy\" decoding=\"async\" src=\"https:\/\/dream-skin.ch\/wp-content\/uploads\/2017\/08\/haende1.png\" width=\"266\" height=\"189\" sizes=\"auto, (max-width: 266px) 100vw, 266px\" title=\"H\u00e4nde \/ F\u00fcsse\" alt=\"H\u00e4nde \/ F\u00fcsse\" \t\tclass=\"so-widget-image\"\/>\n\t<\/a><\/div>\n\n<\/div><\/div><\/div><\/div><div id=\"pgc-831-3-3\"  class=\"panel-grid-cell panel-grid-cell-empty\" ><\/div><\/div><\/div><div id=\"pg-831-4\"  class=\"panel-grid panel-has-style\" ><div class=\"siteorigin-panels-stretch panel-row-style panel-row-style-for-831-4\" data-stretch-type=\"full-stretched\" ><div id=\"pgc-831-4-0\"  class=\"panel-grid-cell panel-grid-cell-empty\" ><\/div><div id=\"pgc-831-4-1\"  class=\"panel-grid-cell\" ><div id=\"panel-831-4-1-0\" class=\"so-panel widget widget_sow-image panel-first-child panel-last-child\" data-index=\"6\" ><div class=\"panel-widget-style panel-widget-style-for-831-4-1-0\" ><div\n\t\t\t\n\t\t\tclass=\"so-widget-sow-image so-widget-sow-image-default-8b5b6f678277-831\"\n\t\t\t\n\t\t>\n<h3 class=\"widget-title\">Depilation<\/h3>\n<div class=\"sow-image-container\">\n\t\t\t<a href=\"https:\/\/dream-skin.ch\/?page_id=759\"\n\t\t\t\t\t>\n\t\t\t<img loading=\"lazy\" decoding=\"async\" src=\"https:\/\/dream-skin.ch\/wp-content\/uploads\/2017\/08\/Beine.png\" width=\"266\" height=\"213\" sizes=\"auto, (max-width: 266px) 100vw, 266px\" title=\"Depilation\" alt=\"Depilation\" \t\tclass=\"so-widget-image\"\/>\n\t<\/a><\/div>\n\n<\/div><\/div><\/div><\/div><div id=\"pgc-831-4-2\"  class=\"panel-grid-cell panel-grid-cell-mobile-last\" ><div id=\"panel-831-4-2-0\" class=\"so-panel widget widget_sow-image panel-first-child panel-last-child\" data-index=\"7\" ><div class=\"panel-widget-style panel-widget-style-for-831-4-2-0\" ><div\n\t\t\t\n\t\t\tclass=\"so-widget-sow-image so-widget-sow-image-default-4e6925654b7a-831\"\n\t\t\t\n\t\t>\n<h3 class=\"widget-title\">Massage<\/h3>\n<div class=\"sow-image-container\">\n\t\t\t<a href=\"https:\/\/dream-skin.ch\/?page_id=772\"\n\t\t\t\t\t>\n\t\t\t<img loading=\"lazy\" decoding=\"async\" src=\"https:\/\/dream-skin.ch\/wp-content\/uploads\/2017\/08\/massage.png\" width=\"266\" height=\"189\" sizes=\"auto, (max-width: 266px) 100vw, 266px\" title=\"Massage\" alt=\"Massage\" \t\tclass=\"so-widget-image\"\/>\n\t<\/a><\/div>\n\n<\/div><\/div><\/div><\/div><div id=\"pgc-831-4-3\"  class=\"panel-grid-cell panel-grid-cell-empty\" ><\/div><\/div><\/div><div id=\"pg-831-5\"  class=\"panel-grid panel-has-style\" ><div class=\"siteorigin-panels-stretch panel-row-style panel-row-style-for-831-5\" data-stretch-type=\"full-stretched\" ><div id=\"pgc-831-5-0\"  class=\"panel-grid-cell panel-grid-cell-empty\" ><\/div><div id=\"pgc-831-5-1\"  class=\"panel-grid-cell\" ><div id=\"panel-831-5-1-0\" class=\"so-panel widget widget_sow-image panel-first-child panel-last-child\" data-index=\"8\" ><div class=\"panel-widget-style panel-widget-style-for-831-5-1-0\" ><div\n\t\t\t\n\t\t\tclass=\"so-widget-sow-image so-widget-sow-image-default-8b5b6f678277-831\"\n\t\t\t\n\t\t>\n<h3 class=\"widget-title\">Mein Ritual<\/h3>\n<div class=\"sow-image-container\">\n\t\t\t<a href=\"https:\/\/dream-skin.ch\/?page_id=792\"\n\t\t\t\t\t>\n\t\t\t<img loading=\"lazy\" decoding=\"async\" src=\"https:\/\/dream-skin.ch\/wp-content\/uploads\/2017\/08\/Ritual.png\" width=\"266\" height=\"208\" sizes=\"auto, (max-width: 266px) 100vw, 266px\" title=\"Mein Ritual\" alt=\"Mein Ritual\" \t\tclass=\"so-widget-image\"\/>\n\t<\/a><\/div>\n\n<\/div><\/div><\/div><\/div><div id=\"pgc-831-5-2\"  class=\"panel-grid-cell panel-grid-cell-mobile-last\" ><div id=\"panel-831-5-2-0\" class=\"so-panel widget widget_sow-image panel-first-child panel-last-child\" data-index=\"9\" ><div class=\"panel-widget-style panel-widget-style-for-831-5-2-0\" ><div\n\t\t\t\n\t\t\tclass=\"so-widget-sow-image so-widget-sow-image-default-8b5b6f678277-831\"\n\t\t\t\n\t\t>\n<h3 class=\"widget-title\">F\u00fcr Herren<\/h3>\n<div class=\"sow-image-container\">\n\t\t\t<a href=\"https:\/\/dream-skin.ch\/?page_id=2797\"\n\t\t\t\t\t>\n\t\t\t<img loading=\"lazy\" decoding=\"async\" src=\"https:\/\/dream-skin.ch\/wp-content\/uploads\/2023\/08\/Mann2.jpg\" width=\"266\" height=\"190\" sizes=\"auto, (max-width: 266px) 100vw, 266px\" title=\"F\u00fcr Herren\" alt=\"F\u00fcr Herren\" \t\tclass=\"so-widget-image\"\/>\n\t<\/a><\/div>\n\n<\/div><\/div><\/div><\/div><div id=\"pgc-831-5-3\"  class=\"panel-grid-cell panel-grid-cell-empty\" ><\/div><\/div><\/div><\/div>","protected":false},"excerpt":{"rendered":"<p>Meine Angebote richten sich nach Ihre Bed\u00fcrfnissen. Lassen Sie uns gemeinsam das passende Angebot f\u00fcr Sie finden, das genau Ihren W\u00fcnschen entspricht:<\/p>\n","protected":false},"author":1,"featured_media":0,"parent":0,"menu_order":0,"comment_status":"closed","ping_status":"closed","template":"","meta":{"footnotes":""},"class_list":["post-831","page","type-page","status-publish","hentry"],"_links":{"self":[{"href":"https:\/\/dream-skin.ch\/index.php?rest_route=\/wp\/v2\/pages\/831","targetHints":{"allow":["GET"]}}],"collection":[{"href":"https:\/\/dream-skin.ch\/index.php?rest_route=\/wp\/v2\/pages"}],"about":[{"href":"https:\/\/dream-skin.ch\/index.php?rest_route=\/wp\/v2\/types\/page"}],"author":[{"embeddable":true,"href":"https:\/\/dream-skin.ch\/index.php?rest_route=\/wp\/v2\/users\/1"}],"replies":[{"embeddable":true,"href":"https:\/\/dream-skin.ch\/index.php?rest_route=%2Fwp%2Fv2%2Fcomments&post=831"}],"version-history":[{"count":13,"href":"https:\/\/dream-skin.ch\/index.php?rest_route=\/wp\/v2\/pages\/831\/revisions"}],"predecessor-version":[{"id":2817,"href":"https:\/\/dream-skin.ch\/index.php?rest_route=\/wp\/v2\/pages\/831\/revisions\/2817"}],"wp:attachment":[{"href":"https:\/\/dream-skin.ch\/index.php?rest_route=%2Fwp%2Fv2%2Fmedia&parent=831"}],"curies":[{"name":"wp","href":"https:\/\/api.w.org\/{rel}","templated":true}]}}