{"id":816,"date":"2017-08-27T15:07:12","date_gmt":"2017-08-27T13:07:12","guid":{"rendered":"http:\/\/test.intelli.ch\/?page_id=816"},"modified":"2019-11-28T08:48:36","modified_gmt":"2019-11-28T08:48:36","slug":"ueber-mich","status":"publish","type":"page","link":"https:\/\/dream-skin.ch\/?page_id=816","title":{"rendered":"\u00dcber mich"},"content":{"rendered":"<div id=\"pl-816\"  class=\"panel-layout\" ><div id=\"pg-816-0\"  class=\"panel-grid panel-has-style\" ><div class=\"siteorigin-panels-stretch panel-row-style panel-row-style-for-816-0\" data-stretch-type=\"full-stretched\" ><div id=\"pgc-816-0-0\"  class=\"panel-grid-cell panel-grid-cell-empty\" ><\/div><div id=\"pgc-816-0-1\"  class=\"panel-grid-cell\" ><div id=\"panel-816-0-1-0\" class=\"so-panel widget widget_sow-editor panel-first-child panel-last-child\" data-index=\"0\" ><div class=\"panel-widget-style panel-widget-style-for-816-0-1-0\" ><div\n\t\t\t\n\t\t\tclass=\"so-widget-sow-editor so-widget-sow-editor-base\"\n\t\t\t\n\t\t><h3 class=\"widget-title\">\u00dcber mich<\/h3>\n<div class=\"siteorigin-widget-tinymce textwidget\">\n\t<\/div>\n<\/div><\/div><\/div><\/div><div id=\"pgc-816-0-2\"  class=\"panel-grid-cell panel-grid-cell-empty panel-grid-cell-mobile-last\" ><\/div><div id=\"pgc-816-0-3\"  class=\"panel-grid-cell panel-grid-cell-empty\" ><\/div><\/div><\/div><div id=\"pg-816-1\"  class=\"panel-grid panel-has-style\" ><div class=\"siteorigin-panels-stretch panel-row-style panel-row-style-for-816-1\" data-stretch-type=\"full-stretched\" ><div id=\"pgc-816-1-0\"  class=\"panel-grid-cell panel-grid-cell-empty\" ><\/div><div id=\"pgc-816-1-1\"  class=\"panel-grid-cell\" ><div id=\"panel-816-1-1-0\" class=\"so-panel widget widget_sow-editor panel-first-child panel-last-child\" data-index=\"1\" ><div class=\"panel-widget-style panel-widget-style-for-816-1-1-0\" ><div\n\t\t\t\n\t\t\tclass=\"so-widget-sow-editor so-widget-sow-editor-base\"\n\t\t\t\n\t\t>\n<div class=\"siteorigin-widget-tinymce textwidget\">\n\t<div><span class=\"imUl fs10 ff1\"><b>1998 bis 2002<\/b><\/span><\/div>\n<div><span class=\"ff1\">Ausbildung zur Drogistin EFZ<\/span><\/div>\n<div>&nbsp;<\/div>\n<div><span class=\"imUl ff1\"><b>2002 bis 2008<\/b><\/span><\/div>\n<div><span class=\"ff1\">Angestellte als Drogistin EFZ, Bereich Drogerie\/ Apotheke<\/span><\/div>\n<div>&nbsp;<\/div>\n<div><span class=\"imUl ff1\"><b>2008 bis 2017<\/b><\/span><\/div>\n<div><span class=\"ff1\">Assistent Point of Sales Management<\/span><\/div>\n<div>&nbsp;<\/div>\n<div>\n<div><span class=\"imUl ff1\"><b>2017 bis heute<\/b><\/span><\/div>\n<div><span class=\"ff1\">Angestellte als Drogistin EFZ<\/span><\/div>\n<\/div>\n<div>&nbsp;<\/div>\n<div><span class=\"imUl ff1\"><b>2012<\/b><\/span><\/div>\n<div><span class=\"ff1\">Ausbildung zur Visagistin in der Visagistenschule Avantapres, Bern<\/span><\/div>\n<div>&nbsp;<\/div>\n<div><span class=\"imUl ff1\"><b>2013 bis 2014<\/b><\/span><\/div>\n<div><span class=\"ff1\">Ausbildung zur Kosmetikerin mit Diplom der Kosmetikfachschule Bern KFB<\/span><\/div>\n<div>&nbsp;<\/div>\n<div>&nbsp;<\/div>\n<div><span class=\"ff1\">Die Welt der Kosmetik und Sch\u00f6nheit hat mich schon seit fr\u00fchster Kindheit fasziniert. In meiner Jugend fand ich stets grossen Gefallen an der Naturkosmetik und habe mir diverse Masken, Peelings und Cremes selber zusammengemischt und ausprobiert. Als ich die Ausbildung zur Drogistin absolvierte, wurde f\u00fcr mich das Wissen \u00fcber den Kosmetikbereich zu einem wichtigen Teil in meinem Leben. Dieses immerw\u00e4hrende Interesse brachte mich auf diesen Weg, den ich heute gehe. Nach der Absolvierung der Visagistenschule und der Kosmetikschule war f\u00fcr mich der Wunsch gross, ein eigens Kosmetikstudio zu f\u00fchren.<\/span><\/div>\n<div>&nbsp;<\/div>\n<div><span class=\"ff1\">Ich m\u00f6chte meiner Kundschaft erm\u00f6glichen, sich in der heute hektischen Zeit eine Ruhepause g\u00f6nnen zu k\u00f6nnen. Abschalten und Energie tanken, sich was Gutes tun und sich dabei wie zu Hause zu f\u00fchlen. F\u00fcr all das steht Dream Skin. Der Traum von Haut, der Traum von Erholung.<\/span><\/div>\n<div>&nbsp;<\/div>\n<div><span class=\"ff1\">Es w\u00fcrde mich sehr freuen, wenn ich Ihr Interesse geweckt habe und Sie mit mir eintauchen in Ihren ganz pers\u00f6nlichen Traum von Sch\u00f6nheit.<\/span><\/div>\n<div>&nbsp;<\/div>\n<div><span class=\"ff1\">Ich freue mich auf Ihre Anmeldung!<\/span><\/div>\n<div>&nbsp;<\/div>\n<div><span class=\"ff1\">Herzlichst<\/span><\/div>\n<div>&nbsp;<\/div>\n<div>&nbsp;<\/div>\n<div><span class=\"ff1\">Ihre Tanja<\/span><\/div>\n<\/div>\n<\/div><\/div><\/div><\/div><div id=\"pgc-816-1-2\"  class=\"panel-grid-cell panel-grid-cell-mobile-last\" ><div id=\"panel-816-1-2-0\" class=\"so-panel widget widget_sow-image panel-first-child panel-last-child\" data-index=\"2\" ><div\n\t\t\t\n\t\t\tclass=\"so-widget-sow-image so-widget-sow-image-default-c67d20f9f743-816\"\n\t\t\t\n\t\t>\n\n<div class=\"sow-image-container\">\n\t\t<img loading=\"lazy\" decoding=\"async\" src=\"https:\/\/dream-skin.ch\/wp-content\/uploads\/2017\/08\/uebermich.jpg\" width=\"192\" height=\"192\" srcset=\"https:\/\/dream-skin.ch\/wp-content\/uploads\/2017\/08\/uebermich.jpg 192w, https:\/\/dream-skin.ch\/wp-content\/uploads\/2017\/08\/uebermich-150x150.jpg 150w, https:\/\/dream-skin.ch\/wp-content\/uploads\/2017\/08\/uebermich-100x100.jpg 100w\" sizes=\"auto, (max-width: 192px) 100vw, 192px\" alt=\"\" \t\tclass=\"so-widget-image\"\/>\n\t<\/div>\n\n<\/div><\/div><\/div><div id=\"pgc-816-1-3\"  class=\"panel-grid-cell panel-grid-cell-empty\" ><\/div><\/div><\/div><\/div>","protected":false},"excerpt":{"rendered":"<p>1998 bis 2002 Ausbildung zur Drogistin EFZ &nbsp; 2002 bis 2008 Angestellte als Drogistin EFZ, Bereich Drogerie\/ Apotheke &nbsp; 2008 bis 2017 Assistent Point of Sales Management &nbsp; 2017 bis heute Angestellte als Drogistin EFZ &nbsp; 2012 Ausbildung zur Visagistin in der Visagistenschule Avantapres, Bern &nbsp; 2013 bis 2014 Ausbildung zur Kosmetikerin mit Diplom der [&hellip;]<\/p>\n","protected":false},"author":1,"featured_media":0,"parent":0,"menu_order":0,"comment_status":"closed","ping_status":"closed","template":"","meta":{"footnotes":""},"class_list":["post-816","page","type-page","status-publish","hentry"],"_links":{"self":[{"href":"https:\/\/dream-skin.ch\/index.php?rest_route=\/wp\/v2\/pages\/816","targetHints":{"allow":["GET"]}}],"collection":[{"href":"https:\/\/dream-skin.ch\/index.php?rest_route=\/wp\/v2\/pages"}],"about":[{"href":"https:\/\/dream-skin.ch\/index.php?rest_route=\/wp\/v2\/types\/page"}],"author":[{"embeddable":true,"href":"https:\/\/dream-skin.ch\/index.php?rest_route=\/wp\/v2\/users\/1"}],"replies":[{"embeddable":true,"href":"https:\/\/dream-skin.ch\/index.php?rest_route=%2Fwp%2Fv2%2Fcomments&post=816"}],"version-history":[{"count":2,"href":"https:\/\/dream-skin.ch\/index.php?rest_route=\/wp\/v2\/pages\/816\/revisions"}],"predecessor-version":[{"id":991,"href":"https:\/\/dream-skin.ch\/index.php?rest_route=\/wp\/v2\/pages\/816\/revisions\/991"}],"wp:attachment":[{"href":"https:\/\/dream-skin.ch\/index.php?rest_route=%2Fwp%2Fv2%2Fmedia&parent=816"}],"curies":[{"name":"wp","href":"https:\/\/api.w.org\/{rel}","templated":true}]}}