{"id":792,"date":"2017-08-27T14:54:24","date_gmt":"2017-08-27T12:54:24","guid":{"rendered":"http:\/\/test.intelli.ch\/?page_id=792"},"modified":"2017-08-27T14:54:24","modified_gmt":"2017-08-27T12:54:24","slug":"mein-ritual","status":"publish","type":"page","link":"https:\/\/dream-skin.ch\/?page_id=792","title":{"rendered":"Mein Ritual"},"content":{"rendered":"<div id=\"pl-792\"  class=\"panel-layout\" ><div id=\"pg-792-0\"  class=\"panel-grid panel-has-style\" ><div class=\"siteorigin-panels-stretch panel-row-style panel-row-style-for-792-0\" data-stretch-type=\"full-stretched\" ><div id=\"pgc-792-0-0\"  class=\"panel-grid-cell panel-grid-cell-empty\" ><\/div><div id=\"pgc-792-0-1\"  class=\"panel-grid-cell\" ><div id=\"panel-792-0-1-0\" class=\"so-panel widget widget_sow-editor panel-first-child panel-last-child\" data-index=\"0\" ><div class=\"panel-widget-style panel-widget-style-for-792-0-1-0\" ><div\n\t\t\t\n\t\t\tclass=\"so-widget-sow-editor so-widget-sow-editor-base\"\n\t\t\t\n\t\t><h3 class=\"widget-title\">Mein Ritual<\/h3>\n<div class=\"siteorigin-widget-tinymce textwidget\">\n\t<\/div>\n<\/div><\/div><\/div><\/div><div id=\"pgc-792-0-2\"  class=\"panel-grid-cell panel-grid-cell-empty panel-grid-cell-mobile-last\" ><\/div><div id=\"pgc-792-0-3\"  class=\"panel-grid-cell panel-grid-cell-empty\" ><\/div><\/div><\/div><div id=\"pg-792-1\"  class=\"panel-grid panel-has-style\" ><div class=\"siteorigin-panels-stretch panel-row-style panel-row-style-for-792-1\" data-stretch-type=\"full-stretched\" ><div id=\"pgc-792-1-0\"  class=\"panel-grid-cell panel-grid-cell-empty\" ><\/div><div id=\"pgc-792-1-1\"  class=\"panel-grid-cell\" ><div id=\"panel-792-1-1-0\" class=\"so-panel widget widget_sow-editor panel-first-child panel-last-child\" data-index=\"1\" ><div class=\"panel-widget-style panel-widget-style-for-792-1-1-0\" ><div\n\t\t\t\n\t\t\tclass=\"so-widget-sow-editor so-widget-sow-editor-base\"\n\t\t\t\n\t\t>\n<div class=\"siteorigin-widget-tinymce textwidget\">\n\t<p>Sie m\u00f6chten gerne selbst Ihr ganz pers\u00f6nliches und individuelles Pflegeritual zusammenstellen?<br \/>\nOder Sie m\u00f6chten gerne verschiede Teile aus bereits bestehenden Pflegeritualen kombinieren?<br \/>\nMit dem your Dream, your Skin Programm ist das kein Problem! Denn hier rechnen wir einfach pro Minute ab.<\/p>\n<table>\n<tbody>\n<tr>\n<td style=\"vertical-align: bottom; width: 60%;\">your Dream, your Skin Programm<\/td>\n<td style=\"vertical-align: bottom; width: 40%;\">1.20\/ min.<\/td>\n<\/tr>\n<\/tbody>\n<\/table>\n<\/div>\n<\/div><\/div><\/div><\/div><div id=\"pgc-792-1-2\"  class=\"panel-grid-cell panel-grid-cell-mobile-last\" ><div id=\"panel-792-1-2-0\" class=\"so-panel widget widget_sow-image panel-first-child panel-last-child\" data-index=\"2\" ><div class=\"panel-widget-style panel-widget-style-for-792-1-2-0\" ><div\n\t\t\t\n\t\t\tclass=\"so-widget-sow-image so-widget-sow-image-default-3a2476c0e107-792\"\n\t\t\t\n\t\t>\n\n<div class=\"sow-image-container\">\n\t\t<img loading=\"lazy\" decoding=\"async\" src=\"https:\/\/dream-skin.ch\/wp-content\/uploads\/2017\/08\/Ritual.png\" width=\"233\" height=\"182\" sizes=\"auto, (max-width: 233px) 100vw, 233px\" title=\"Mein Ritual\" alt=\"Mein Ritual\" \t\tclass=\"so-widget-image\"\/>\n\t<\/div>\n\n<\/div><\/div><\/div><\/div><div id=\"pgc-792-1-3\"  class=\"panel-grid-cell panel-grid-cell-empty\" ><\/div><\/div><\/div><div id=\"pg-792-2\"  class=\"panel-grid panel-has-style\" ><div class=\"siteorigin-panels-stretch panel-row-style panel-row-style-for-792-2\" data-stretch-type=\"full-stretched\" ><div id=\"pgc-792-2-0\"  class=\"panel-grid-cell panel-grid-cell-empty\" ><\/div><div id=\"pgc-792-2-1\"  class=\"panel-grid-cell\" ><div id=\"panel-792-2-1-0\" class=\"so-panel widget widget_sow-editor panel-first-child panel-last-child\" data-index=\"3\" ><div class=\"panel-widget-style panel-widget-style-for-792-2-1-0\" ><div\n\t\t\t\n\t\t\tclass=\"so-widget-sow-editor so-widget-sow-editor-base\"\n\t\t\t\n\t\t><h3 class=\"widget-title\">Beispiel eines individuellen Pflegeprogramms<\/h3>\n<div class=\"siteorigin-widget-tinymce textwidget\">\n\t<table>\n<tbody>\n<tr>\n<td>Fussn\u00e4gel schneiden\/feilen<\/td>\n<td style=\"vertical-align: bottom; width: 40%;\">10 min. \u00e0 1.20 = 12.--<\/td>\n<\/tr>\n<tr>\n<td>N\u00e4gel H\u00e4nde lackieren<\/td>\n<td style=\"vertical-align: bottom; width: 40%;\">15 min. \u00e0 1.20 = 18.--<\/td>\n<\/tr>\n<tr>\n<td>Gesichtsmassage Cominotto<\/td>\n<td style=\"vertical-align: bottom; width: 40%;\">20 min. \u00e0 1.20 = 24.--<\/td>\n<\/tr>\n<\/tbody>\n<\/table>\n<\/div>\n<\/div><\/div><\/div><\/div><div id=\"pgc-792-2-2\"  class=\"panel-grid-cell panel-grid-cell-empty panel-grid-cell-mobile-last\" ><\/div><div id=\"pgc-792-2-3\"  class=\"panel-grid-cell panel-grid-cell-empty\" ><\/div><\/div><\/div><\/div>","protected":false},"excerpt":{"rendered":"<p>Sie m\u00f6chten gerne selbst Ihr ganz pers\u00f6nliches und individuelles Pflegeritual zusammenstellen? Oder Sie m\u00f6chten gerne verschiede Teile aus bereits bestehenden Pflegeritualen kombinieren? Mit dem your Dream, your Skin Programm ist das kein Problem! Denn hier rechnen wir einfach pro Minute ab. your Dream, your Skin Programm 1.20\/ min.<\/p>\n","protected":false},"author":1,"featured_media":0,"parent":0,"menu_order":0,"comment_status":"closed","ping_status":"closed","template":"","meta":{"footnotes":""},"class_list":["post-792","page","type-page","status-publish","hentry"],"_links":{"self":[{"href":"https:\/\/dream-skin.ch\/index.php?rest_route=\/wp\/v2\/pages\/792","targetHints":{"allow":["GET"]}}],"collection":[{"href":"https:\/\/dream-skin.ch\/index.php?rest_route=\/wp\/v2\/pages"}],"about":[{"href":"https:\/\/dream-skin.ch\/index.php?rest_route=\/wp\/v2\/types\/page"}],"author":[{"embeddable":true,"href":"https:\/\/dream-skin.ch\/index.php?rest_route=\/wp\/v2\/users\/1"}],"replies":[{"embeddable":true,"href":"https:\/\/dream-skin.ch\/index.php?rest_route=%2Fwp%2Fv2%2Fcomments&post=792"}],"version-history":[{"count":0,"href":"https:\/\/dream-skin.ch\/index.php?rest_route=\/wp\/v2\/pages\/792\/revisions"}],"wp:attachment":[{"href":"https:\/\/dream-skin.ch\/index.php?rest_route=%2Fwp%2Fv2%2Fmedia&parent=792"}],"curies":[{"name":"wp","href":"https:\/\/api.w.org\/{rel}","templated":true}]}}